{"id":108,"date":"2019-01-13T22:13:39","date_gmt":"2019-01-13T20:13:39","guid":{"rendered":"http:\/\/paivarinteenlomamokit.com\/?page_id=108"},"modified":"2020-05-01T12:05:06","modified_gmt":"2020-05-01T10:05:06","slug":"yhteystiedot-ja-sijainti","status":"publish","type":"page","link":"https:\/\/paivarinteenlomamokit.com\/index.php\/yhteystiedot-ja-sijainti\/","title":{"rendered":"Yhteystiedot ja sijainti"},"content":{"rendered":"\n<p>P\u00e4iv\u00e4rinteen Lomam\u00f6kit<\/p>\n\n\n\n<p>Kolarinsaarentie 407 <\/p>\n\n\n\n<p>79255 Kurjala<\/p>\n\n\n\n<p><\/p>\n\n\n\n<p>Puh. 044 0673222<\/p>\n\n\n\n<p>e-mail: paivarinteenlomamokit@gmail.com (English \/ Finnish)<\/p>\n\n\n\n<p class=\"has-text-align-left\"><img loading=\"lazy\" decoding=\"async\" width=\"180\" height=\"270\" class=\"wp-image-162\" style=\"width: 180px;\" src=\"http:\/\/paivarinteenlomamokit.com\/wp-content\/uploads\/2020\/05\/IMG_0762-scaled.jpg\" alt=\"\" srcset=\"https:\/\/paivarinteenlomamokit.com\/wp-content\/uploads\/2020\/05\/IMG_0762-scaled.jpg 1704w, https:\/\/paivarinteenlomamokit.com\/wp-content\/uploads\/2020\/05\/IMG_0762-200x300.jpg 200w, https:\/\/paivarinteenlomamokit.com\/wp-content\/uploads\/2020\/05\/IMG_0762-682x1024.jpg 682w, https:\/\/paivarinteenlomamokit.com\/wp-content\/uploads\/2020\/05\/IMG_0762-768x1153.jpg 768w, https:\/\/paivarinteenlomamokit.com\/wp-content\/uploads\/2020\/05\/IMG_0762-1023x1536.jpg 1023w, https:\/\/paivarinteenlomamokit.com\/wp-content\/uploads\/2020\/05\/IMG_0762-1364x2048.jpg 1364w\" sizes=\"(max-width: 180px) 100vw, 180px\" \/><\/p>\n\n\n\n<ul><li>Lepp\u00e4virralle 36km<\/li><li>Varkauteen 52km<\/li><li>Kuopioon 86km<\/li><li>Hein\u00e4vedelle 47km<\/li><\/ul>\n\n\n\n<p><img loading=\"lazy\" decoding=\"async\" width=\"290\" height=\"193\" class=\"wp-image-163\" style=\"width: 290px;\" src=\"http:\/\/paivarinteenlomamokit.com\/wp-content\/uploads\/2020\/05\/IMG_0757-scaled.jpg\" alt=\"\" srcset=\"https:\/\/paivarinteenlomamokit.com\/wp-content\/uploads\/2020\/05\/IMG_0757-scaled.jpg 2560w, https:\/\/paivarinteenlomamokit.com\/wp-content\/uploads\/2020\/05\/IMG_0757-300x200.jpg 300w, https:\/\/paivarinteenlomamokit.com\/wp-content\/uploads\/2020\/05\/IMG_0757-1024x682.jpg 1024w, https:\/\/paivarinteenlomamokit.com\/wp-content\/uploads\/2020\/05\/IMG_0757-768x511.jpg 768w, https:\/\/paivarinteenlomamokit.com\/wp-content\/uploads\/2020\/05\/IMG_0757-1536x1023.jpg 1536w, https:\/\/paivarinteenlomamokit.com\/wp-content\/uploads\/2020\/05\/IMG_0757-2048x1364.jpg 2048w\" sizes=\"(max-width: 290px) 100vw, 290px\" \/><\/p>\n","protected":false},"excerpt":{"rendered":"<p>P\u00e4iv\u00e4rinteen Lomam\u00f6kit Kolarinsaarentie 407 79255 Kurjala Puh. 044 0673222 e-mail: paivarinteenlomamokit@gmail.com (English \/ Finnish) Lepp\u00e4virralle 36km Varkauteen 52km Kuopioon 86km Hein\u00e4vedelle 47km<\/p>\n","protected":false},"author":1,"featured_media":0,"parent":0,"menu_order":0,"comment_status":"closed","ping_status":"closed","template":"","meta":{"footnotes":""},"_links":{"self":[{"href":"https:\/\/paivarinteenlomamokit.com\/index.php\/wp-json\/wp\/v2\/pages\/108"}],"collection":[{"href":"https:\/\/paivarinteenlomamokit.com\/index.php\/wp-json\/wp\/v2\/pages"}],"about":[{"href":"https:\/\/paivarinteenlomamokit.com\/index.php\/wp-json\/wp\/v2\/types\/page"}],"author":[{"embeddable":true,"href":"https:\/\/paivarinteenlomamokit.com\/index.php\/wp-json\/wp\/v2\/users\/1"}],"replies":[{"embeddable":true,"href":"https:\/\/paivarinteenlomamokit.com\/index.php\/wp-json\/wp\/v2\/comments?post=108"}],"version-history":[{"count":3,"href":"https:\/\/paivarinteenlomamokit.com\/index.php\/wp-json\/wp\/v2\/pages\/108\/revisions"}],"predecessor-version":[{"id":165,"href":"https:\/\/paivarinteenlomamokit.com\/index.php\/wp-json\/wp\/v2\/pages\/108\/revisions\/165"}],"wp:attachment":[{"href":"https:\/\/paivarinteenlomamokit.com\/index.php\/wp-json\/wp\/v2\/media?parent=108"}],"curies":[{"name":"wp","href":"https:\/\/api.w.org\/{rel}","templated":true}]}}