{"id":32,"date":"2019-01-13T12:58:00","date_gmt":"2019-01-13T10:58:00","guid":{"rendered":"http:\/\/paivarinteenlomamokit.com\/?page_id=32"},"modified":"2025-01-08T21:30:25","modified_gmt":"2025-01-08T19:30:25","slug":"hiekkalahti-i","status":"publish","type":"page","link":"https:\/\/paivarinteenlomamokit.com\/index.php\/mokit\/hiekkalahti-i\/","title":{"rendered":"Hiekkalahti I"},"content":{"rendered":"\n<figure class=\"wp-block-image size-large is-resized\"><img loading=\"lazy\" decoding=\"async\" width=\"1024\" height=\"682\" src=\"http:\/\/paivarinteenlomamokit.com\/wp-content\/uploads\/2020\/05\/IMG_1005-1-1024x682.jpg\" alt=\"\" class=\"wp-image-166\" style=\"width:479px\" srcset=\"https:\/\/paivarinteenlomamokit.com\/wp-content\/uploads\/2020\/05\/IMG_1005-1-1024x682.jpg 1024w, https:\/\/paivarinteenlomamokit.com\/wp-content\/uploads\/2020\/05\/IMG_1005-1-300x200.jpg 300w, https:\/\/paivarinteenlomamokit.com\/wp-content\/uploads\/2020\/05\/IMG_1005-1-768x511.jpg 768w, https:\/\/paivarinteenlomamokit.com\/wp-content\/uploads\/2020\/05\/IMG_1005-1-1536x1023.jpg 1536w, https:\/\/paivarinteenlomamokit.com\/wp-content\/uploads\/2020\/05\/IMG_1005-1-2048x1364.jpg 2048w\" sizes=\"(max-width: 767px) 89vw, (max-width: 1000px) 54vw, (max-width: 1071px) 543px, 580px\" \/><\/figure>\n\n\n\n<ul>\n<li>Loistava m\u00f6kki lapsiperheille! <\/li>\n\n\n\n<li>Pinta-ala 80 m2, tilaa 6-8 hengelle<\/li>\n\n\n\n<li>Autotie perille asti<\/li>\n\n\n\n<li>Matala, lapsiyst\u00e4v\u00e4llinen hiekkaranta<\/li>\n\n\n\n<li>Tupa, keitti\u00f6nurkkaus (j\u00e4\u00e4kaappi, kaasuhella, astiastot isommallekin porukalle)<\/li>\n\n\n\n<li>Yl\u00e4kerrassa kaksi paris\u00e4nky\u00e4, alakerrassa makuualkovissa erilliset s\u00e4ngyt ja tuvan puolella levitett\u00e4v\u00e4 sohva, lasten s\u00e4nky sek\u00e4 pinnas\u00e4nky.<\/li>\n\n\n\n<li>Sy\u00f6tt\u00f6tuoli l\u00f6ytyy m\u00f6kist\u00e4. Lasten matkas\u00e4nky saatavilla ilman lis\u00e4maksua.<\/li>\n\n\n\n<li>Sauna m\u00f6kin yhteydess\u00e4, saunalla k\u00e4ytett\u00e4viss\u00e4 ladattava retkisuihku.<\/li>\n\n\n\n<li>Aurinkopaneelilla toimivat j\u00e4\u00e4kaappi pakastelokerolla (110 l), valaistus, vesipumppu saunalle sek\u00e4 puhelimen lataus.<\/li>\n\n\n\n<li>Grillikatos, ulko-wc.<\/li>\n\n\n\n<li>Juomavesi l\u00e4hteest\u00e4 n. 100 m p\u00e4\u00e4st\u00e4 tai p\u00e4\u00e4talolta.<\/li>\n\n\n\n<li>Soutuvene vapaasti k\u00e4ytett\u00e4viss\u00e4, pelastusliivej\u00e4 voi lainata p\u00e4\u00e4talolta<\/li>\n<\/ul>\n\n\n\n<figure class=\"wp-block-gallery has-nested-images columns-1 is-cropped wp-block-gallery-1 is-layout-flex wp-block-gallery-is-layout-flex\">\n<figure class=\"wp-block-image size-large\"><a href=\"https:\/\/paivarinteenlomamokit.com\/wp-content\/uploads\/2024\/06\/20240607_125009-scaled.jpg\"><img loading=\"lazy\" decoding=\"async\" width=\"1024\" height=\"768\" data-id=\"363\" src=\"https:\/\/paivarinteenlomamokit.com\/wp-content\/uploads\/2024\/06\/20240607_125009-1024x768.jpg\" alt=\"\" class=\"wp-image-363\" srcset=\"https:\/\/paivarinteenlomamokit.com\/wp-content\/uploads\/2024\/06\/20240607_125009-1024x768.jpg 1024w, https:\/\/paivarinteenlomamokit.com\/wp-content\/uploads\/2024\/06\/20240607_125009-300x225.jpg 300w, https:\/\/paivarinteenlomamokit.com\/wp-content\/uploads\/2024\/06\/20240607_125009-768x576.jpg 768w, https:\/\/paivarinteenlomamokit.com\/wp-content\/uploads\/2024\/06\/20240607_125009-1536x1152.jpg 1536w, https:\/\/paivarinteenlomamokit.com\/wp-content\/uploads\/2024\/06\/20240607_125009-2048x1536.jpg 2048w\" sizes=\"(max-width: 767px) 89vw, (max-width: 1000px) 54vw, (max-width: 1071px) 543px, 580px\" \/><\/a><\/figure>\n\n\n\n<figure class=\"wp-block-image size-large\"><a href=\"https:\/\/paivarinteenlomamokit.com\/wp-content\/uploads\/2024\/06\/20240607_125239-scaled.jpg\"><img loading=\"lazy\" decoding=\"async\" width=\"768\" height=\"1024\" data-id=\"365\" src=\"https:\/\/paivarinteenlomamokit.com\/wp-content\/uploads\/2024\/06\/20240607_125239-768x1024.jpg\" alt=\"\" class=\"wp-image-365\" srcset=\"https:\/\/paivarinteenlomamokit.com\/wp-content\/uploads\/2024\/06\/20240607_125239-768x1024.jpg 768w, https:\/\/paivarinteenlomamokit.com\/wp-content\/uploads\/2024\/06\/20240607_125239-225x300.jpg 225w, https:\/\/paivarinteenlomamokit.com\/wp-content\/uploads\/2024\/06\/20240607_125239-1152x1536.jpg 1152w, https:\/\/paivarinteenlomamokit.com\/wp-content\/uploads\/2024\/06\/20240607_125239-1536x2048.jpg 1536w, https:\/\/paivarinteenlomamokit.com\/wp-content\/uploads\/2024\/06\/20240607_125239-scaled.jpg 1920w\" sizes=\"(max-width: 767px) 89vw, (max-width: 1000px) 54vw, (max-width: 1071px) 543px, 580px\" \/><\/a><\/figure>\n\n\n\n<figure class=\"wp-block-image size-large\"><a href=\"http:\/\/paivarinteenlomamokit.com\/wp-content\/uploads\/2019\/01\/HL1-alkovi-e1547384475907.jpg\"><img loading=\"lazy\" decoding=\"async\" width=\"2056\" height=\"3088\" data-id=\"64\" src=\"http:\/\/paivarinteenlomamokit.com\/wp-content\/uploads\/2019\/01\/HL1-alkovi-e1547384475907.jpg\" alt=\"\" class=\"wp-image-64\" srcset=\"https:\/\/paivarinteenlomamokit.com\/wp-content\/uploads\/2019\/01\/HL1-alkovi-e1547384475907.jpg 2056w, https:\/\/paivarinteenlomamokit.com\/wp-content\/uploads\/2019\/01\/HL1-alkovi-e1547384475907-200x300.jpg 200w, https:\/\/paivarinteenlomamokit.com\/wp-content\/uploads\/2019\/01\/HL1-alkovi-e1547384475907-768x1153.jpg 768w, https:\/\/paivarinteenlomamokit.com\/wp-content\/uploads\/2019\/01\/HL1-alkovi-e1547384475907-682x1024.jpg 682w\" sizes=\"(max-width: 767px) 89vw, (max-width: 1000px) 54vw, (max-width: 1071px) 543px, 580px\" \/><\/a><\/figure>\n\n\n\n<figure class=\"wp-block-image size-large\"><a href=\"http:\/\/paivarinteenlomamokit.com\/wp-content\/uploads\/2019\/01\/HL1-yl\u00e4kerta2-e1547384442101.jpg\"><img loading=\"lazy\" decoding=\"async\" width=\"2056\" height=\"3088\" data-id=\"71\" src=\"http:\/\/paivarinteenlomamokit.com\/wp-content\/uploads\/2019\/01\/HL1-yl\u00e4kerta2-e1547384442101.jpg\" alt=\"\" class=\"wp-image-71\" srcset=\"https:\/\/paivarinteenlomamokit.com\/wp-content\/uploads\/2019\/01\/HL1-yl\u00e4kerta2-e1547384442101.jpg 2056w, https:\/\/paivarinteenlomamokit.com\/wp-content\/uploads\/2019\/01\/HL1-yl\u00e4kerta2-e1547384442101-200x300.jpg 200w, https:\/\/paivarinteenlomamokit.com\/wp-content\/uploads\/2019\/01\/HL1-yl\u00e4kerta2-e1547384442101-768x1153.jpg 768w, https:\/\/paivarinteenlomamokit.com\/wp-content\/uploads\/2019\/01\/HL1-yl\u00e4kerta2-e1547384442101-682x1024.jpg 682w\" sizes=\"(max-width: 767px) 89vw, (max-width: 1000px) 54vw, (max-width: 1071px) 543px, 580px\" \/><\/a><\/figure>\n\n\n\n<figure class=\"wp-block-image size-large\"><a href=\"http:\/\/paivarinteenlomamokit.com\/wp-content\/uploads\/2019\/01\/HL1-vauvan-s\u00e4nky-e1547384460442.jpg\"><img loading=\"lazy\" decoding=\"async\" width=\"2056\" height=\"3088\" data-id=\"69\" src=\"http:\/\/paivarinteenlomamokit.com\/wp-content\/uploads\/2019\/01\/HL1-vauvan-s\u00e4nky-e1547384460442.jpg\" alt=\"\" class=\"wp-image-69\" srcset=\"https:\/\/paivarinteenlomamokit.com\/wp-content\/uploads\/2019\/01\/HL1-vauvan-s\u00e4nky-e1547384460442.jpg 2056w, https:\/\/paivarinteenlomamokit.com\/wp-content\/uploads\/2019\/01\/HL1-vauvan-s\u00e4nky-e1547384460442-200x300.jpg 200w, https:\/\/paivarinteenlomamokit.com\/wp-content\/uploads\/2019\/01\/HL1-vauvan-s\u00e4nky-e1547384460442-768x1153.jpg 768w, https:\/\/paivarinteenlomamokit.com\/wp-content\/uploads\/2019\/01\/HL1-vauvan-s\u00e4nky-e1547384460442-682x1024.jpg 682w\" sizes=\"(max-width: 767px) 89vw, (max-width: 1000px) 54vw, (max-width: 1071px) 543px, 580px\" \/><\/a><\/figure>\n\n\n\n<figure class=\"wp-block-image size-large\"><a href=\"https:\/\/paivarinteenlomamokit.com\/wp-content\/uploads\/2024\/06\/20240607_125504-2-scaled.jpg\"><img loading=\"lazy\" decoding=\"async\" width=\"1024\" height=\"768\" data-id=\"371\" src=\"https:\/\/paivarinteenlomamokit.com\/wp-content\/uploads\/2024\/06\/20240607_125504-2-1024x768.jpg\" alt=\"\" class=\"wp-image-371\" srcset=\"https:\/\/paivarinteenlomamokit.com\/wp-content\/uploads\/2024\/06\/20240607_125504-2-1024x768.jpg 1024w, https:\/\/paivarinteenlomamokit.com\/wp-content\/uploads\/2024\/06\/20240607_125504-2-300x225.jpg 300w, https:\/\/paivarinteenlomamokit.com\/wp-content\/uploads\/2024\/06\/20240607_125504-2-768x576.jpg 768w, https:\/\/paivarinteenlomamokit.com\/wp-content\/uploads\/2024\/06\/20240607_125504-2-1536x1152.jpg 1536w, https:\/\/paivarinteenlomamokit.com\/wp-content\/uploads\/2024\/06\/20240607_125504-2-2048x1536.jpg 2048w\" sizes=\"(max-width: 767px) 89vw, (max-width: 1000px) 54vw, (max-width: 1071px) 543px, 580px\" \/><\/a><\/figure>\n\n\n\n<figure class=\"wp-block-image size-large\"><a href=\"https:\/\/paivarinteenlomamokit.com\/wp-content\/uploads\/2024\/06\/20240607_130138-1-scaled.jpg\"><img loading=\"lazy\" decoding=\"async\" width=\"759\" height=\"1024\" data-id=\"370\" src=\"https:\/\/paivarinteenlomamokit.com\/wp-content\/uploads\/2024\/06\/20240607_130138-1-759x1024.jpg\" alt=\"\" class=\"wp-image-370\" srcset=\"https:\/\/paivarinteenlomamokit.com\/wp-content\/uploads\/2024\/06\/20240607_130138-1-759x1024.jpg 759w, https:\/\/paivarinteenlomamokit.com\/wp-content\/uploads\/2024\/06\/20240607_130138-1-222x300.jpg 222w, https:\/\/paivarinteenlomamokit.com\/wp-content\/uploads\/2024\/06\/20240607_130138-1-768x1036.jpg 768w, https:\/\/paivarinteenlomamokit.com\/wp-content\/uploads\/2024\/06\/20240607_130138-1-1139x1536.jpg 1139w, https:\/\/paivarinteenlomamokit.com\/wp-content\/uploads\/2024\/06\/20240607_130138-1-1518x2048.jpg 1518w, https:\/\/paivarinteenlomamokit.com\/wp-content\/uploads\/2024\/06\/20240607_130138-1-scaled.jpg 1898w\" sizes=\"(max-width: 706px) 89vw, (max-width: 767px) 82vw, 740px\" \/><\/a><\/figure>\n\n\n\n<figure class=\"wp-block-image size-large\"><a href=\"https:\/\/paivarinteenlomamokit.com\/wp-content\/uploads\/2025\/01\/IMG-20240722-WA0029.jpg\"><img loading=\"lazy\" decoding=\"async\" width=\"793\" height=\"1024\" data-id=\"399\" src=\"https:\/\/paivarinteenlomamokit.com\/wp-content\/uploads\/2025\/01\/IMG-20240722-WA0029-793x1024.jpg\" alt=\"\" class=\"wp-image-399\" srcset=\"https:\/\/paivarinteenlomamokit.com\/wp-content\/uploads\/2025\/01\/IMG-20240722-WA0029-793x1024.jpg 793w, https:\/\/paivarinteenlomamokit.com\/wp-content\/uploads\/2025\/01\/IMG-20240722-WA0029-232x300.jpg 232w, https:\/\/paivarinteenlomamokit.com\/wp-content\/uploads\/2025\/01\/IMG-20240722-WA0029-768x991.jpg 768w, https:\/\/paivarinteenlomamokit.com\/wp-content\/uploads\/2025\/01\/IMG-20240722-WA0029.jpg 1162w\" sizes=\"(max-width: 767px) 89vw, (max-width: 1000px) 54vw, (max-width: 1071px) 543px, 580px\" \/><\/a><\/figure>\n\n\n\n<figure class=\"wp-block-image size-large\"><img loading=\"lazy\" decoding=\"async\" width=\"768\" height=\"1024\" data-id=\"403\" src=\"https:\/\/paivarinteenlomamokit.com\/wp-content\/uploads\/2025\/01\/20240722_141204-1-768x1024.jpg\" alt=\"\" class=\"wp-image-403\" srcset=\"https:\/\/paivarinteenlomamokit.com\/wp-content\/uploads\/2025\/01\/20240722_141204-1-768x1024.jpg 768w, https:\/\/paivarinteenlomamokit.com\/wp-content\/uploads\/2025\/01\/20240722_141204-1-225x300.jpg 225w, https:\/\/paivarinteenlomamokit.com\/wp-content\/uploads\/2025\/01\/20240722_141204-1-1152x1536.jpg 1152w, https:\/\/paivarinteenlomamokit.com\/wp-content\/uploads\/2025\/01\/20240722_141204-1-1536x2048.jpg 1536w, https:\/\/paivarinteenlomamokit.com\/wp-content\/uploads\/2025\/01\/20240722_141204-1-scaled.jpg 1920w\" sizes=\"(max-width: 767px) 89vw, (max-width: 1000px) 54vw, (max-width: 1071px) 543px, 580px\" \/><\/figure>\n\n\n\n<figure class=\"wp-block-image size-large\"><a href=\"http:\/\/paivarinteenlomamokit.com\/wp-content\/uploads\/2020\/05\/IMG_0985-scaled.jpg\"><img loading=\"lazy\" decoding=\"async\" width=\"2560\" height=\"1704\" data-id=\"168\" src=\"http:\/\/paivarinteenlomamokit.com\/wp-content\/uploads\/2020\/05\/IMG_0985-scaled.jpg\" alt=\"\" class=\"wp-image-168\" srcset=\"https:\/\/paivarinteenlomamokit.com\/wp-content\/uploads\/2020\/05\/IMG_0985-scaled.jpg 2560w, https:\/\/paivarinteenlomamokit.com\/wp-content\/uploads\/2020\/05\/IMG_0985-300x200.jpg 300w, https:\/\/paivarinteenlomamokit.com\/wp-content\/uploads\/2020\/05\/IMG_0985-1024x682.jpg 1024w, https:\/\/paivarinteenlomamokit.com\/wp-content\/uploads\/2020\/05\/IMG_0985-768x511.jpg 768w, https:\/\/paivarinteenlomamokit.com\/wp-content\/uploads\/2020\/05\/IMG_0985-1536x1023.jpg 1536w, https:\/\/paivarinteenlomamokit.com\/wp-content\/uploads\/2020\/05\/IMG_0985-2048x1364.jpg 2048w\" sizes=\"(max-width: 767px) 89vw, (max-width: 1000px) 54vw, (max-width: 1071px) 543px, 580px\" \/><\/a><\/figure>\n\n\n\n<figure class=\"wp-block-image size-large\"><a href=\"https:\/\/paivarinteenlomamokit.com\/wp-content\/uploads\/2024\/06\/20240607_121315-scaled.jpg\"><img loading=\"lazy\" decoding=\"async\" width=\"768\" height=\"1024\" data-id=\"368\" src=\"https:\/\/paivarinteenlomamokit.com\/wp-content\/uploads\/2024\/06\/20240607_121315-768x1024.jpg\" alt=\"\" class=\"wp-image-368\" srcset=\"https:\/\/paivarinteenlomamokit.com\/wp-content\/uploads\/2024\/06\/20240607_121315-768x1024.jpg 768w, https:\/\/paivarinteenlomamokit.com\/wp-content\/uploads\/2024\/06\/20240607_121315-225x300.jpg 225w, https:\/\/paivarinteenlomamokit.com\/wp-content\/uploads\/2024\/06\/20240607_121315-1152x1536.jpg 1152w, https:\/\/paivarinteenlomamokit.com\/wp-content\/uploads\/2024\/06\/20240607_121315-1536x2048.jpg 1536w, https:\/\/paivarinteenlomamokit.com\/wp-content\/uploads\/2024\/06\/20240607_121315-scaled.jpg 1920w\" sizes=\"(max-width: 767px) 89vw, (max-width: 1000px) 54vw, (max-width: 1071px) 543px, 580px\" \/><\/a><\/figure>\n<\/figure>\n","protected":false},"excerpt":{"rendered":"","protected":false},"author":1,"featured_media":0,"parent":26,"menu_order":0,"comment_status":"closed","ping_status":"closed","template":"","meta":{"footnotes":""},"_links":{"self":[{"href":"https:\/\/paivarinteenlomamokit.com\/index.php\/wp-json\/wp\/v2\/pages\/32"}],"collection":[{"href":"https:\/\/paivarinteenlomamokit.com\/index.php\/wp-json\/wp\/v2\/pages"}],"about":[{"href":"https:\/\/paivarinteenlomamokit.com\/index.php\/wp-json\/wp\/v2\/types\/page"}],"author":[{"embeddable":true,"href":"https:\/\/paivarinteenlomamokit.com\/index.php\/wp-json\/wp\/v2\/users\/1"}],"replies":[{"embeddable":true,"href":"https:\/\/paivarinteenlomamokit.com\/index.php\/wp-json\/wp\/v2\/comments?post=32"}],"version-history":[{"count":21,"href":"https:\/\/paivarinteenlomamokit.com\/index.php\/wp-json\/wp\/v2\/pages\/32\/revisions"}],"predecessor-version":[{"id":405,"href":"https:\/\/paivarinteenlomamokit.com\/index.php\/wp-json\/wp\/v2\/pages\/32\/revisions\/405"}],"up":[{"embeddable":true,"href":"https:\/\/paivarinteenlomamokit.com\/index.php\/wp-json\/wp\/v2\/pages\/26"}],"wp:attachment":[{"href":"https:\/\/paivarinteenlomamokit.com\/index.php\/wp-json\/wp\/v2\/media?parent=32"}],"curies":[{"name":"wp","href":"https:\/\/api.w.org\/{rel}","templated":true}]}}