{"id":35,"date":"2019-01-13T12:59:46","date_gmt":"2019-01-13T10:59:46","guid":{"rendered":"http:\/\/paivarinteenlomamokit.com\/?page_id=35"},"modified":"2025-05-31T20:32:44","modified_gmt":"2025-05-31T18:32:44","slug":"hiekkalahti-ii","status":"publish","type":"page","link":"https:\/\/paivarinteenlomamokit.com\/index.php\/mokit\/hiekkalahti-ii\/","title":{"rendered":"Hiekkalahti II"},"content":{"rendered":"\n<figure class=\"wp-block-image size-large is-resized\"><img loading=\"lazy\" decoding=\"async\" width=\"1024\" height=\"682\" src=\"http:\/\/paivarinteenlomamokit.com\/wp-content\/uploads\/2020\/05\/IMG_0922-1-1024x682.jpg\" alt=\"\" class=\"wp-image-176\" style=\"width:615px\" srcset=\"https:\/\/paivarinteenlomamokit.com\/wp-content\/uploads\/2020\/05\/IMG_0922-1-1024x682.jpg 1024w, https:\/\/paivarinteenlomamokit.com\/wp-content\/uploads\/2020\/05\/IMG_0922-1-300x200.jpg 300w, https:\/\/paivarinteenlomamokit.com\/wp-content\/uploads\/2020\/05\/IMG_0922-1-768x511.jpg 768w, https:\/\/paivarinteenlomamokit.com\/wp-content\/uploads\/2020\/05\/IMG_0922-1-1536x1023.jpg 1536w, https:\/\/paivarinteenlomamokit.com\/wp-content\/uploads\/2020\/05\/IMG_0922-1-2048x1364.jpg 2048w\" sizes=\"(max-width: 767px) 89vw, (max-width: 1000px) 54vw, (max-width: 1071px) 543px, 580px\" \/><\/figure>\n\n\n\n<ul>\n<li>Pinta-ala 70 m2, tilaa 6-8 hengelle<\/li>\n\n\n\n<li>Autotie perille asti<\/li>\n\n\n\n<li>Tupa, keitti\u00f6nurkkaus (j\u00e4\u00e4kaappi, kaasuhella, astiastot)<\/li>\n\n\n\n<li>Makuualkovi alhaalla, paris\u00e4nky ylh\u00e4\u00e4ll\u00e4, kolme levitett\u00e4v\u00e4\u00e4 sohvaa<\/li>\n\n\n\n<li>Sauna m\u00f6kin yhteydess\u00e4 (vesi tulee saunaan pumpulla j\u00e4rvest\u00e4, k\u00e4ytett\u00e4viss\u00e4 my\u00f6s ladattava retkisuihku)<\/li>\n\n\n\n<li>Sy\u00f6tt\u00f6tuoli l\u00f6ytyy m\u00f6kist\u00e4. Lasten matkas\u00e4nky saatavilla ilman lis\u00e4maksua.<\/li>\n\n\n\n<li>Ulkohuussi<\/li>\n\n\n\n<li>Aurinkopaneelilla toimivat j\u00e4\u00e4kaappi pakastelokerolla (110 l), valaistus sek\u00e4 puhelimen lataus.<\/li>\n\n\n\n<li>Grillikatos<\/li>\n\n\n\n<li>Juomaveden saa l\u00e4hteest\u00e4 60m p\u00e4\u00e4st\u00e4 tai p\u00e4\u00e4talolta.<\/li>\n\n\n\n<li>Soutuvene vapaasti k\u00e4ytett\u00e4viss\u00e4, pelastusliivej\u00e4 voi lainata p\u00e4\u00e4talolta<\/li>\n<\/ul>\n\n\n\n<figure class=\"wp-block-gallery aligncenter has-nested-images columns-1 is-cropped wp-block-gallery-1 is-layout-flex wp-block-gallery-is-layout-flex\">\n<figure class=\"wp-block-image size-large\"><a href=\"https:\/\/paivarinteenlomamokit.com\/wp-content\/uploads\/2020\/05\/IMG_0940-scaled.jpg\"><img loading=\"lazy\" decoding=\"async\" width=\"1024\" height=\"682\" data-id=\"181\" src=\"https:\/\/paivarinteenlomamokit.com\/wp-content\/uploads\/2020\/05\/IMG_0940-1024x682.jpg\" alt=\"\" class=\"wp-image-181\" srcset=\"https:\/\/paivarinteenlomamokit.com\/wp-content\/uploads\/2020\/05\/IMG_0940-1024x682.jpg 1024w, https:\/\/paivarinteenlomamokit.com\/wp-content\/uploads\/2020\/05\/IMG_0940-300x200.jpg 300w, https:\/\/paivarinteenlomamokit.com\/wp-content\/uploads\/2020\/05\/IMG_0940-768x511.jpg 768w, https:\/\/paivarinteenlomamokit.com\/wp-content\/uploads\/2020\/05\/IMG_0940-1536x1023.jpg 1536w, https:\/\/paivarinteenlomamokit.com\/wp-content\/uploads\/2020\/05\/IMG_0940-2048x1364.jpg 2048w\" sizes=\"(max-width: 767px) 89vw, (max-width: 1000px) 54vw, (max-width: 1071px) 543px, 580px\" \/><\/a><\/figure>\n\n\n\n<figure class=\"wp-block-image size-large\"><a href=\"https:\/\/paivarinteenlomamokit.com\/wp-content\/uploads\/2019\/01\/HL2-keitti\u00f6.jpg\"><img loading=\"lazy\" decoding=\"async\" width=\"1024\" height=\"682\" data-id=\"76\" src=\"https:\/\/paivarinteenlomamokit.com\/wp-content\/uploads\/2019\/01\/HL2-keitti\u00f6-1024x682.jpg\" alt=\"\" class=\"wp-image-76\" srcset=\"https:\/\/paivarinteenlomamokit.com\/wp-content\/uploads\/2019\/01\/HL2-keitti\u00f6-1024x682.jpg 1024w, https:\/\/paivarinteenlomamokit.com\/wp-content\/uploads\/2019\/01\/HL2-keitti\u00f6-300x200.jpg 300w, https:\/\/paivarinteenlomamokit.com\/wp-content\/uploads\/2019\/01\/HL2-keitti\u00f6-768x511.jpg 768w\" sizes=\"(max-width: 767px) 89vw, (max-width: 1000px) 54vw, (max-width: 1071px) 543px, 580px\" \/><\/a><\/figure>\n\n\n\n<figure class=\"wp-block-image size-large\"><a href=\"https:\/\/paivarinteenlomamokit.com\/wp-content\/uploads\/2020\/05\/IMG_0886-scaled.jpg\"><img loading=\"lazy\" decoding=\"async\" width=\"682\" height=\"1024\" data-id=\"183\" src=\"https:\/\/paivarinteenlomamokit.com\/wp-content\/uploads\/2020\/05\/IMG_0886-682x1024.jpg\" alt=\"\" class=\"wp-image-183\" srcset=\"https:\/\/paivarinteenlomamokit.com\/wp-content\/uploads\/2020\/05\/IMG_0886-682x1024.jpg 682w, https:\/\/paivarinteenlomamokit.com\/wp-content\/uploads\/2020\/05\/IMG_0886-200x300.jpg 200w, https:\/\/paivarinteenlomamokit.com\/wp-content\/uploads\/2020\/05\/IMG_0886-768x1153.jpg 768w, https:\/\/paivarinteenlomamokit.com\/wp-content\/uploads\/2020\/05\/IMG_0886-1023x1536.jpg 1023w, https:\/\/paivarinteenlomamokit.com\/wp-content\/uploads\/2020\/05\/IMG_0886-1364x2048.jpg 1364w, https:\/\/paivarinteenlomamokit.com\/wp-content\/uploads\/2020\/05\/IMG_0886-scaled.jpg 1704w\" sizes=\"(max-width: 682px) 100vw, 682px\" \/><\/a><\/figure>\n\n\n\n<figure class=\"wp-block-image size-large\"><a href=\"https:\/\/paivarinteenlomamokit.com\/wp-content\/uploads\/2019\/01\/HL2-alkovi-e1547384422274.jpg\"><img loading=\"lazy\" decoding=\"async\" width=\"682\" height=\"1024\" data-id=\"74\" src=\"https:\/\/paivarinteenlomamokit.com\/wp-content\/uploads\/2019\/01\/HL2-alkovi-e1547384422274-682x1024.jpg\" alt=\"\" class=\"wp-image-74\" srcset=\"https:\/\/paivarinteenlomamokit.com\/wp-content\/uploads\/2019\/01\/HL2-alkovi-e1547384422274-682x1024.jpg 682w, https:\/\/paivarinteenlomamokit.com\/wp-content\/uploads\/2019\/01\/HL2-alkovi-e1547384422274-200x300.jpg 200w, https:\/\/paivarinteenlomamokit.com\/wp-content\/uploads\/2019\/01\/HL2-alkovi-e1547384422274-768x1153.jpg 768w\" sizes=\"(max-width: 682px) 100vw, 682px\" \/><\/a><\/figure>\n\n\n\n<figure class=\"wp-block-image size-large\"><a href=\"https:\/\/paivarinteenlomamokit.com\/wp-content\/uploads\/2019\/01\/HL2-yl\u00e4kerta2-e1547384381254.jpg\"><img loading=\"lazy\" decoding=\"async\" width=\"682\" height=\"1024\" data-id=\"81\" src=\"https:\/\/paivarinteenlomamokit.com\/wp-content\/uploads\/2019\/01\/HL2-yl\u00e4kerta2-e1547384381254-682x1024.jpg\" alt=\"\" class=\"wp-image-81\" srcset=\"https:\/\/paivarinteenlomamokit.com\/wp-content\/uploads\/2019\/01\/HL2-yl\u00e4kerta2-e1547384381254-682x1024.jpg 682w, https:\/\/paivarinteenlomamokit.com\/wp-content\/uploads\/2019\/01\/HL2-yl\u00e4kerta2-e1547384381254-200x300.jpg 200w, https:\/\/paivarinteenlomamokit.com\/wp-content\/uploads\/2019\/01\/HL2-yl\u00e4kerta2-e1547384381254-768x1153.jpg 768w\" sizes=\"(max-width: 682px) 100vw, 682px\" \/><\/a><\/figure>\n\n\n\n<figure class=\"wp-block-image size-large\"><a href=\"https:\/\/paivarinteenlomamokit.com\/wp-content\/uploads\/2019\/01\/HL2-yl\u00e4kerta1.jpg\"><img loading=\"lazy\" decoding=\"async\" width=\"1024\" height=\"682\" data-id=\"80\" src=\"https:\/\/paivarinteenlomamokit.com\/wp-content\/uploads\/2019\/01\/HL2-yl\u00e4kerta1-1024x682.jpg\" alt=\"\" class=\"wp-image-80\" srcset=\"https:\/\/paivarinteenlomamokit.com\/wp-content\/uploads\/2019\/01\/HL2-yl\u00e4kerta1-1024x682.jpg 1024w, https:\/\/paivarinteenlomamokit.com\/wp-content\/uploads\/2019\/01\/HL2-yl\u00e4kerta1-300x200.jpg 300w, https:\/\/paivarinteenlomamokit.com\/wp-content\/uploads\/2019\/01\/HL2-yl\u00e4kerta1-768x511.jpg 768w\" sizes=\"(max-width: 767px) 89vw, (max-width: 1000px) 54vw, (max-width: 1071px) 543px, 580px\" \/><\/a><\/figure>\n\n\n\n<figure class=\"wp-block-image size-large\"><a href=\"https:\/\/paivarinteenlomamokit.com\/wp-content\/uploads\/2020\/05\/IMG_0931-scaled.jpg\"><img loading=\"lazy\" decoding=\"async\" width=\"1024\" height=\"682\" data-id=\"180\" src=\"https:\/\/paivarinteenlomamokit.com\/wp-content\/uploads\/2020\/05\/IMG_0931-1024x682.jpg\" alt=\"\" class=\"wp-image-180\" srcset=\"https:\/\/paivarinteenlomamokit.com\/wp-content\/uploads\/2020\/05\/IMG_0931-1024x682.jpg 1024w, https:\/\/paivarinteenlomamokit.com\/wp-content\/uploads\/2020\/05\/IMG_0931-300x200.jpg 300w, https:\/\/paivarinteenlomamokit.com\/wp-content\/uploads\/2020\/05\/IMG_0931-768x511.jpg 768w, https:\/\/paivarinteenlomamokit.com\/wp-content\/uploads\/2020\/05\/IMG_0931-1536x1023.jpg 1536w, https:\/\/paivarinteenlomamokit.com\/wp-content\/uploads\/2020\/05\/IMG_0931-2048x1364.jpg 2048w\" sizes=\"(max-width: 767px) 89vw, (max-width: 1000px) 54vw, (max-width: 1071px) 543px, 580px\" \/><\/a><\/figure>\n\n\n\n<figure class=\"wp-block-image size-large\"><a href=\"https:\/\/paivarinteenlomamokit.com\/wp-content\/uploads\/2020\/05\/IMG_0916-scaled.jpg\"><img loading=\"lazy\" decoding=\"async\" width=\"682\" height=\"1024\" data-id=\"178\" src=\"https:\/\/paivarinteenlomamokit.com\/wp-content\/uploads\/2020\/05\/IMG_0916-682x1024.jpg\" alt=\"\" class=\"wp-image-178\" srcset=\"https:\/\/paivarinteenlomamokit.com\/wp-content\/uploads\/2020\/05\/IMG_0916-682x1024.jpg 682w, https:\/\/paivarinteenlomamokit.com\/wp-content\/uploads\/2020\/05\/IMG_0916-200x300.jpg 200w, https:\/\/paivarinteenlomamokit.com\/wp-content\/uploads\/2020\/05\/IMG_0916-768x1153.jpg 768w, https:\/\/paivarinteenlomamokit.com\/wp-content\/uploads\/2020\/05\/IMG_0916-1023x1536.jpg 1023w, https:\/\/paivarinteenlomamokit.com\/wp-content\/uploads\/2020\/05\/IMG_0916-1364x2048.jpg 1364w, https:\/\/paivarinteenlomamokit.com\/wp-content\/uploads\/2020\/05\/IMG_0916-scaled.jpg 1704w\" sizes=\"(max-width: 682px) 100vw, 682px\" \/><\/a><\/figure>\n\n\n\n<figure class=\"wp-block-image size-large\"><a href=\"https:\/\/paivarinteenlomamokit.com\/wp-content\/uploads\/2020\/05\/IMG_0957-scaled.jpg\"><img loading=\"lazy\" decoding=\"async\" width=\"1024\" height=\"682\" data-id=\"182\" src=\"https:\/\/paivarinteenlomamokit.com\/wp-content\/uploads\/2020\/05\/IMG_0957-1024x682.jpg\" alt=\"\" class=\"wp-image-182\" srcset=\"https:\/\/paivarinteenlomamokit.com\/wp-content\/uploads\/2020\/05\/IMG_0957-1024x682.jpg 1024w, https:\/\/paivarinteenlomamokit.com\/wp-content\/uploads\/2020\/05\/IMG_0957-300x200.jpg 300w, https:\/\/paivarinteenlomamokit.com\/wp-content\/uploads\/2020\/05\/IMG_0957-768x511.jpg 768w, https:\/\/paivarinteenlomamokit.com\/wp-content\/uploads\/2020\/05\/IMG_0957-1536x1023.jpg 1536w, https:\/\/paivarinteenlomamokit.com\/wp-content\/uploads\/2020\/05\/IMG_0957-2048x1364.jpg 2048w\" sizes=\"(max-width: 767px) 89vw, (max-width: 1000px) 54vw, (max-width: 1071px) 543px, 580px\" \/><\/a><\/figure>\n<\/figure>\n","protected":false},"excerpt":{"rendered":"","protected":false},"author":1,"featured_media":0,"parent":26,"menu_order":0,"comment_status":"closed","ping_status":"closed","template":"","meta":{"footnotes":""},"_links":{"self":[{"href":"https:\/\/paivarinteenlomamokit.com\/index.php\/wp-json\/wp\/v2\/pages\/35"}],"collection":[{"href":"https:\/\/paivarinteenlomamokit.com\/index.php\/wp-json\/wp\/v2\/pages"}],"about":[{"href":"https:\/\/paivarinteenlomamokit.com\/index.php\/wp-json\/wp\/v2\/types\/page"}],"author":[{"embeddable":true,"href":"https:\/\/paivarinteenlomamokit.com\/index.php\/wp-json\/wp\/v2\/users\/1"}],"replies":[{"embeddable":true,"href":"https:\/\/paivarinteenlomamokit.com\/index.php\/wp-json\/wp\/v2\/comments?post=35"}],"version-history":[{"count":22,"href":"https:\/\/paivarinteenlomamokit.com\/index.php\/wp-json\/wp\/v2\/pages\/35\/revisions"}],"predecessor-version":[{"id":422,"href":"https:\/\/paivarinteenlomamokit.com\/index.php\/wp-json\/wp\/v2\/pages\/35\/revisions\/422"}],"up":[{"embeddable":true,"href":"https:\/\/paivarinteenlomamokit.com\/index.php\/wp-json\/wp\/v2\/pages\/26"}],"wp:attachment":[{"href":"https:\/\/paivarinteenlomamokit.com\/index.php\/wp-json\/wp\/v2\/media?parent=35"}],"curies":[{"name":"wp","href":"https:\/\/api.w.org\/{rel}","templated":true}]}}