{"id":37,"date":"2019-01-13T13:00:58","date_gmt":"2019-01-13T11:00:58","guid":{"rendered":"http:\/\/paivarinteenlomamokit.com\/?page_id=37"},"modified":"2024-04-21T06:58:25","modified_gmt":"2024-04-21T04:58:25","slug":"itaranta","status":"publish","type":"page","link":"https:\/\/paivarinteenlomamokit.com\/index.php\/mokit\/itaranta\/","title":{"rendered":"It\u00e4ranta"},"content":{"rendered":"<div class=\"wp-block-image\">\n<figure class=\"aligncenter\"><img loading=\"lazy\" decoding=\"async\" width=\"3088\" height=\"2056\" src=\"http:\/\/paivarinteenlomamokit.com\/wp-content\/uploads\/2019\/01\/It\u00e4ranta-sivulta.jpg\" alt=\"\" class=\"wp-image-86\" srcset=\"https:\/\/paivarinteenlomamokit.com\/wp-content\/uploads\/2019\/01\/It\u00e4ranta-sivulta.jpg 3088w, https:\/\/paivarinteenlomamokit.com\/wp-content\/uploads\/2019\/01\/It\u00e4ranta-sivulta-300x200.jpg 300w, https:\/\/paivarinteenlomamokit.com\/wp-content\/uploads\/2019\/01\/It\u00e4ranta-sivulta-768x511.jpg 768w, https:\/\/paivarinteenlomamokit.com\/wp-content\/uploads\/2019\/01\/It\u00e4ranta-sivulta-1024x682.jpg 1024w\" sizes=\"(max-width: 767px) 89vw, (max-width: 1000px) 54vw, (max-width: 1071px) 543px, 580px\" \/><\/figure><\/div>\n\n\n<ul>\n<li>Pinta-ala 30 m2, tilaa 2-4 hengelle.<\/li>\n\n\n\n<li>Tupa-keitti\u00f6, makuualkovi<\/li>\n\n\n\n<li>Sauna m\u00f6kin yhteydess\u00e4: k\u00e4ytett\u00e4viss\u00e4 ladattava retkisuihku.<\/li>\n\n\n\n<li>Ulko-WC<\/li>\n\n\n\n<li>Aurinkopaneeli: valaistus, 12 V pistoke esim. puhelimen lataukseen, vesipumppu saunalle.<\/li>\n\n\n\n<li>Kaasuhella ja -j\u00e4\u00e4kaappi.<\/li>\n\n\n\n<li>Puul\u00e4mmitteinen kamiina, jossa keittomahdollisuus.<\/li>\n\n\n\n<li>Juomavesi l\u00e4hteest\u00e4 n. 100m p\u00e4\u00e4st\u00e4 tai p\u00e4\u00e4talolta.<\/li>\n\n\n\n<li>Kaasugrilli. Rannalla my\u00f6s nuotiopaikka.<\/li>\n\n\n\n<li>Sy\u00f6tt\u00f6tuoli l\u00f6ytyy m\u00f6kist\u00e4. Lasten matkas\u00e4nky saatavilla ilman lis\u00e4maksua. <\/li>\n\n\n\n<li>Matala ranta.<\/li>\n\n\n\n<li>Soutuvene vapaasti k\u00e4ytett\u00e4viss\u00e4, pelastusliivej\u00e4 voi lainata p\u00e4\u00e4talolta<\/li>\n\n\n\n<li>Autotie perille asti<\/li>\n<\/ul>\n\n\n\n<figure class=\"wp-block-gallery has-nested-images columns-1 is-cropped wp-block-gallery-1 is-layout-flex wp-block-gallery-is-layout-flex\">\n<figure class=\"wp-block-image size-large\"><a href=\"https:\/\/paivarinteenlomamokit.com\/wp-content\/uploads\/2019\/01\/It\u00e4ranta-edest\u00e4.jpg\"><img loading=\"lazy\" decoding=\"async\" width=\"1024\" height=\"682\" data-id=\"84\" src=\"https:\/\/paivarinteenlomamokit.com\/wp-content\/uploads\/2019\/01\/It\u00e4ranta-edest\u00e4-1024x682.jpg\" alt=\"\" class=\"wp-image-84\" srcset=\"https:\/\/paivarinteenlomamokit.com\/wp-content\/uploads\/2019\/01\/It\u00e4ranta-edest\u00e4-1024x682.jpg 1024w, https:\/\/paivarinteenlomamokit.com\/wp-content\/uploads\/2019\/01\/It\u00e4ranta-edest\u00e4-300x200.jpg 300w, https:\/\/paivarinteenlomamokit.com\/wp-content\/uploads\/2019\/01\/It\u00e4ranta-edest\u00e4-768x511.jpg 768w\" sizes=\"(max-width: 767px) 89vw, (max-width: 1000px) 54vw, (max-width: 1071px) 543px, 580px\" \/><\/a><\/figure>\n\n\n\n<figure class=\"wp-block-image size-large\"><a href=\"https:\/\/paivarinteenlomamokit.com\/wp-content\/uploads\/2019\/01\/It\u00e4ranta-tupa.jpg\"><img loading=\"lazy\" decoding=\"async\" width=\"1024\" height=\"682\" data-id=\"87\" src=\"https:\/\/paivarinteenlomamokit.com\/wp-content\/uploads\/2019\/01\/It\u00e4ranta-tupa-1024x682.jpg\" alt=\"\" class=\"wp-image-87\" srcset=\"https:\/\/paivarinteenlomamokit.com\/wp-content\/uploads\/2019\/01\/It\u00e4ranta-tupa-1024x682.jpg 1024w, https:\/\/paivarinteenlomamokit.com\/wp-content\/uploads\/2019\/01\/It\u00e4ranta-tupa-300x200.jpg 300w, https:\/\/paivarinteenlomamokit.com\/wp-content\/uploads\/2019\/01\/It\u00e4ranta-tupa-768x511.jpg 768w\" sizes=\"(max-width: 767px) 89vw, (max-width: 1000px) 54vw, (max-width: 1071px) 543px, 580px\" \/><\/a><\/figure>\n\n\n\n<figure class=\"wp-block-image size-large\"><a href=\"https:\/\/paivarinteenlomamokit.com\/wp-content\/uploads\/2019\/01\/It\u00e4ranta-ovelle-p\u00e4in.jpg\"><img loading=\"lazy\" decoding=\"async\" width=\"1024\" height=\"682\" data-id=\"85\" src=\"https:\/\/paivarinteenlomamokit.com\/wp-content\/uploads\/2019\/01\/It\u00e4ranta-ovelle-p\u00e4in-1024x682.jpg\" alt=\"\" class=\"wp-image-85\" srcset=\"https:\/\/paivarinteenlomamokit.com\/wp-content\/uploads\/2019\/01\/It\u00e4ranta-ovelle-p\u00e4in-1024x682.jpg 1024w, https:\/\/paivarinteenlomamokit.com\/wp-content\/uploads\/2019\/01\/It\u00e4ranta-ovelle-p\u00e4in-300x200.jpg 300w, https:\/\/paivarinteenlomamokit.com\/wp-content\/uploads\/2019\/01\/It\u00e4ranta-ovelle-p\u00e4in-768x511.jpg 768w\" sizes=\"(max-width: 767px) 89vw, (max-width: 1000px) 54vw, (max-width: 1071px) 543px, 580px\" \/><\/a><\/figure>\n\n\n\n<figure class=\"wp-block-image size-large\"><a href=\"https:\/\/paivarinteenlomamokit.com\/wp-content\/uploads\/2019\/01\/It\u00e4ranta-alkovi-e1547384368817.jpg\"><img loading=\"lazy\" decoding=\"async\" width=\"682\" height=\"1024\" data-id=\"83\" src=\"https:\/\/paivarinteenlomamokit.com\/wp-content\/uploads\/2019\/01\/It\u00e4ranta-alkovi-e1547384368817-682x1024.jpg\" alt=\"\" class=\"wp-image-83\" srcset=\"https:\/\/paivarinteenlomamokit.com\/wp-content\/uploads\/2019\/01\/It\u00e4ranta-alkovi-e1547384368817-682x1024.jpg 682w, https:\/\/paivarinteenlomamokit.com\/wp-content\/uploads\/2019\/01\/It\u00e4ranta-alkovi-e1547384368817-200x300.jpg 200w, https:\/\/paivarinteenlomamokit.com\/wp-content\/uploads\/2019\/01\/It\u00e4ranta-alkovi-e1547384368817-768x1153.jpg 768w\" sizes=\"(max-width: 682px) 100vw, 682px\" \/><\/a><\/figure>\n\n\n\n<figure class=\"wp-block-image size-large\"><a href=\"https:\/\/paivarinteenlomamokit.com\/wp-content\/uploads\/2021\/04\/20200718_184642-1-scaled.jpg\"><img loading=\"lazy\" decoding=\"async\" width=\"768\" height=\"1024\" data-id=\"224\" src=\"https:\/\/paivarinteenlomamokit.com\/wp-content\/uploads\/2021\/04\/20200718_184642-1-768x1024.jpg\" alt=\"\" class=\"wp-image-224\" srcset=\"https:\/\/paivarinteenlomamokit.com\/wp-content\/uploads\/2021\/04\/20200718_184642-1-768x1024.jpg 768w, https:\/\/paivarinteenlomamokit.com\/wp-content\/uploads\/2021\/04\/20200718_184642-1-225x300.jpg 225w, https:\/\/paivarinteenlomamokit.com\/wp-content\/uploads\/2021\/04\/20200718_184642-1-1152x1536.jpg 1152w, https:\/\/paivarinteenlomamokit.com\/wp-content\/uploads\/2021\/04\/20200718_184642-1-1536x2048.jpg 1536w, https:\/\/paivarinteenlomamokit.com\/wp-content\/uploads\/2021\/04\/20200718_184642-1-scaled.jpg 1920w\" sizes=\"(max-width: 767px) 89vw, (max-width: 1000px) 54vw, (max-width: 1071px) 543px, 580px\" \/><\/a><\/figure>\n\n\n\n<figure class=\"wp-block-image size-large\"><a href=\"https:\/\/paivarinteenlomamokit.com\/wp-content\/uploads\/2021\/04\/20200717_162209-scaled.jpg\"><img loading=\"lazy\" decoding=\"async\" width=\"768\" height=\"1024\" data-id=\"225\" src=\"https:\/\/paivarinteenlomamokit.com\/wp-content\/uploads\/2021\/04\/20200717_162209-768x1024.jpg\" alt=\"\" class=\"wp-image-225\" srcset=\"https:\/\/paivarinteenlomamokit.com\/wp-content\/uploads\/2021\/04\/20200717_162209-768x1024.jpg 768w, https:\/\/paivarinteenlomamokit.com\/wp-content\/uploads\/2021\/04\/20200717_162209-225x300.jpg 225w, https:\/\/paivarinteenlomamokit.com\/wp-content\/uploads\/2021\/04\/20200717_162209-1152x1536.jpg 1152w, https:\/\/paivarinteenlomamokit.com\/wp-content\/uploads\/2021\/04\/20200717_162209-1536x2048.jpg 1536w, https:\/\/paivarinteenlomamokit.com\/wp-content\/uploads\/2021\/04\/20200717_162209-scaled.jpg 1920w\" sizes=\"(max-width: 767px) 89vw, (max-width: 1000px) 54vw, (max-width: 1071px) 543px, 580px\" \/><\/a><\/figure>\n\n\n\n<figure class=\"wp-block-image size-large\"><a href=\"https:\/\/paivarinteenlomamokit.com\/wp-content\/uploads\/2021\/04\/20200717_000626-scaled.jpg\"><img loading=\"lazy\" decoding=\"async\" width=\"768\" height=\"1024\" data-id=\"226\" src=\"https:\/\/paivarinteenlomamokit.com\/wp-content\/uploads\/2021\/04\/20200717_000626-768x1024.jpg\" alt=\"\" class=\"wp-image-226\" srcset=\"https:\/\/paivarinteenlomamokit.com\/wp-content\/uploads\/2021\/04\/20200717_000626-768x1024.jpg 768w, https:\/\/paivarinteenlomamokit.com\/wp-content\/uploads\/2021\/04\/20200717_000626-225x300.jpg 225w, https:\/\/paivarinteenlomamokit.com\/wp-content\/uploads\/2021\/04\/20200717_000626-1152x1536.jpg 1152w, https:\/\/paivarinteenlomamokit.com\/wp-content\/uploads\/2021\/04\/20200717_000626-1536x2048.jpg 1536w, https:\/\/paivarinteenlomamokit.com\/wp-content\/uploads\/2021\/04\/20200717_000626-scaled.jpg 1920w\" sizes=\"(max-width: 767px) 89vw, (max-width: 1000px) 54vw, (max-width: 1071px) 543px, 580px\" \/><\/a><\/figure>\n<\/figure>\n\n\n\n<figure class=\"wp-block-image size-large\"><img loading=\"lazy\" decoding=\"async\" width=\"768\" height=\"1024\" src=\"http:\/\/paivarinteenlomamokit.com\/wp-content\/uploads\/2022\/06\/20220605_202848-768x1024.jpg\" alt=\"\" class=\"wp-image-302\" srcset=\"https:\/\/paivarinteenlomamokit.com\/wp-content\/uploads\/2022\/06\/20220605_202848-768x1024.jpg 768w, https:\/\/paivarinteenlomamokit.com\/wp-content\/uploads\/2022\/06\/20220605_202848-225x300.jpg 225w, https:\/\/paivarinteenlomamokit.com\/wp-content\/uploads\/2022\/06\/20220605_202848-1152x1536.jpg 1152w, https:\/\/paivarinteenlomamokit.com\/wp-content\/uploads\/2022\/06\/20220605_202848-1536x2048.jpg 1536w, https:\/\/paivarinteenlomamokit.com\/wp-content\/uploads\/2022\/06\/20220605_202848-scaled.jpg 1920w\" sizes=\"(max-width: 767px) 89vw, (max-width: 1000px) 54vw, (max-width: 1071px) 543px, 580px\" \/><\/figure>\n\n\n\n<p><\/p>\n","protected":false},"excerpt":{"rendered":"","protected":false},"author":1,"featured_media":0,"parent":26,"menu_order":0,"comment_status":"closed","ping_status":"closed","template":"","meta":{"footnotes":""},"_links":{"self":[{"href":"https:\/\/paivarinteenlomamokit.com\/index.php\/wp-json\/wp\/v2\/pages\/37"}],"collection":[{"href":"https:\/\/paivarinteenlomamokit.com\/index.php\/wp-json\/wp\/v2\/pages"}],"about":[{"href":"https:\/\/paivarinteenlomamokit.com\/index.php\/wp-json\/wp\/v2\/types\/page"}],"author":[{"embeddable":true,"href":"https:\/\/paivarinteenlomamokit.com\/index.php\/wp-json\/wp\/v2\/users\/1"}],"replies":[{"embeddable":true,"href":"https:\/\/paivarinteenlomamokit.com\/index.php\/wp-json\/wp\/v2\/comments?post=37"}],"version-history":[{"count":14,"href":"https:\/\/paivarinteenlomamokit.com\/index.php\/wp-json\/wp\/v2\/pages\/37\/revisions"}],"predecessor-version":[{"id":348,"href":"https:\/\/paivarinteenlomamokit.com\/index.php\/wp-json\/wp\/v2\/pages\/37\/revisions\/348"}],"up":[{"embeddable":true,"href":"https:\/\/paivarinteenlomamokit.com\/index.php\/wp-json\/wp\/v2\/pages\/26"}],"wp:attachment":[{"href":"https:\/\/paivarinteenlomamokit.com\/index.php\/wp-json\/wp\/v2\/media?parent=37"}],"curies":[{"name":"wp","href":"https:\/\/api.w.org\/{rel}","templated":true}]}}